{"id":6579,"date":"2026-01-22T18:09:40","date_gmt":"2026-01-22T18:09:40","guid":{"rendered":"https:\/\/www.laforetlanguages.com\/politique-de-cookies\/"},"modified":"2026-01-22T19:10:08","modified_gmt":"2026-01-22T19:10:08","slug":"politique-de-cookies","status":"publish","type":"page","link":"https:\/\/www.laforetlanguages.com\/fr\/politique-de-cookies\/","title":{"rendered":"Politique de cookies"},"content":{"rendered":"<div id=\"cs-content\" class=\"cs-content\"><\/div>\n","protected":false},"excerpt":{"rendered":"<p>Politique sur les cookies Un cookie est un petit fichier texte stock\u00e9 dans votre navigateur lorsque vous visitez presque n&rsquo;importe quel site web. Son utilit\u00e9 r\u00e9side dans le fait que &#8230;<\/p>\n","protected":false},"author":1,"featured_media":0,"parent":0,"menu_order":0,"comment_status":"closed","ping_status":"closed","template":"template-blank-3.php","meta":{"_acf_changed":false,"rs_blank_template":"","rs_page_bg_color":"","slide_template_v7":"","footnotes":""},"class_list":["post-6579","page","type-page","status-publish","hentry","no-post-thumbnail"],"acf":[],"yoast_head":"<!-- This site is optimized with the Yoast SEO plugin v27.6 - https:\/\/yoast.com\/product\/yoast-seo-wordpress\/ -->\n<title>Politique de cookies - Laforet Languages<\/title>\n<meta name=\"robots\" content=\"noindex, follow, max-snippet:-1, max-image-preview:large, max-video-preview:-1\" \/>\n<meta property=\"og:locale\" content=\"fr_FR\" \/>\n<meta property=\"og:type\" content=\"article\" \/>\n<meta property=\"og:title\" content=\"Politique de cookies - Laforet Languages\" \/>\n<meta property=\"og:description\" content=\"Politique sur les cookies Un cookie est un petit fichier texte stock\u00e9 dans votre navigateur lorsque vous visitez presque n&#039;importe quel site web. Son utilit\u00e9 r\u00e9side dans le fait que ...\" \/>\n<meta property=\"og:url\" content=\"https:\/\/www.laforetlanguages.com\/fr\/politique-de-cookies\/\" \/>\n<meta property=\"og:site_name\" content=\"Laforet Languages\" \/>\n<meta property=\"article:publisher\" content=\"https:\/\/www.facebook.com\/laforet.languages\" \/>\n<meta property=\"article:modified_time\" content=\"2026-01-22T19:10:08+00:00\" \/>\n<meta name=\"twitter:card\" content=\"summary_large_image\" \/>\n<meta name=\"twitter:site\" content=\"@LaforetLanguage\" \/>\n<meta name=\"twitter:label1\" content=\"Dur\u00e9e de lecture estim\u00e9e\" \/>\n\t<meta name=\"twitter:data1\" content=\"3 minutes\" \/>\n<script type=\"application\/ld+json\" class=\"yoast-schema-graph\">{\"@context\":\"https:\\\/\\\/schema.org\",\"@graph\":[{\"@type\":\"WebPage\",\"@id\":\"https:\\\/\\\/www.laforetlanguages.com\\\/fr\\\/politique-de-cookies\\\/\",\"url\":\"https:\\\/\\\/www.laforetlanguages.com\\\/fr\\\/politique-de-cookies\\\/\",\"name\":\"Politique de cookies - Laforet Languages\",\"isPartOf\":{\"@id\":\"https:\\\/\\\/www.laforetlanguages.com\\\/fr\\\/#website\"},\"datePublished\":\"2026-01-22T18:09:40+00:00\",\"dateModified\":\"2026-01-22T19:10:08+00:00\",\"breadcrumb\":{\"@id\":\"https:\\\/\\\/www.laforetlanguages.com\\\/fr\\\/politique-de-cookies\\\/#breadcrumb\"},\"inLanguage\":\"fr-FR\",\"potentialAction\":[{\"@type\":\"ReadAction\",\"target\":[\"https:\\\/\\\/www.laforetlanguages.com\\\/fr\\\/politique-de-cookies\\\/\"]}]},{\"@type\":\"BreadcrumbList\",\"@id\":\"https:\\\/\\\/www.laforetlanguages.com\\\/fr\\\/politique-de-cookies\\\/#breadcrumb\",\"itemListElement\":[{\"@type\":\"ListItem\",\"position\":1,\"name\":\"Portada\",\"item\":\"https:\\\/\\\/www.laforetlanguages.com\\\/fr\\\/\"},{\"@type\":\"ListItem\",\"position\":2,\"name\":\"Politique de cookies\"}]},{\"@type\":\"WebSite\",\"@id\":\"https:\\\/\\\/www.laforetlanguages.com\\\/fr\\\/#website\",\"url\":\"https:\\\/\\\/www.laforetlanguages.com\\\/fr\\\/\",\"name\":\"Laforet Languages\",\"description\":\"Viajes para aprender idiomas\",\"publisher\":{\"@id\":\"https:\\\/\\\/www.laforetlanguages.com\\\/fr\\\/#organization\"},\"potentialAction\":[{\"@type\":\"SearchAction\",\"target\":{\"@type\":\"EntryPoint\",\"urlTemplate\":\"https:\\\/\\\/www.laforetlanguages.com\\\/fr\\\/?s={search_term_string}\"},\"query-input\":{\"@type\":\"PropertyValueSpecification\",\"valueRequired\":true,\"valueName\":\"search_term_string\"}}],\"inLanguage\":\"fr-FR\"},{\"@type\":\"Organization\",\"@id\":\"https:\\\/\\\/www.laforetlanguages.com\\\/fr\\\/#organization\",\"name\":\"Laforet Languages\",\"url\":\"https:\\\/\\\/www.laforetlanguages.com\\\/fr\\\/\",\"logo\":{\"@type\":\"ImageObject\",\"inLanguage\":\"fr-FR\",\"@id\":\"https:\\\/\\\/www.laforetlanguages.com\\\/fr\\\/#\\\/schema\\\/logo\\\/image\\\/\",\"url\":\"https:\\\/\\\/www.laforetlanguages.com\\\/wp-content\\\/uploads\\\/2020\\\/01\\\/LAFORET-LANGUAGES-LOGO.png\",\"contentUrl\":\"https:\\\/\\\/www.laforetlanguages.com\\\/wp-content\\\/uploads\\\/2020\\\/01\\\/LAFORET-LANGUAGES-LOGO.png\",\"width\":4782,\"height\":1105,\"caption\":\"Laforet Languages\"},\"image\":{\"@id\":\"https:\\\/\\\/www.laforetlanguages.com\\\/fr\\\/#\\\/schema\\\/logo\\\/image\\\/\"},\"sameAs\":[\"https:\\\/\\\/www.facebook.com\\\/laforet.languages\",\"https:\\\/\\\/x.com\\\/LaforetLanguage\",\"https:\\\/\\\/www.linkedin.com\\\/company\\\/laforet-group\",\"https:\\\/\\\/www.youtube.com\\\/channel\\\/UCH6rHhrHFd9kpAjkolYvbzA\",\"https:\\\/\\\/www.instagram.com\\\/laforet_languages\\\/\"]}]}<\/script>\n<!-- \/ Yoast SEO plugin. -->","yoast_head_json":{"title":"Politique de cookies - Laforet Languages","robots":{"index":"noindex","follow":"follow","max-snippet":"max-snippet:-1","max-image-preview":"max-image-preview:large","max-video-preview":"max-video-preview:-1"},"og_locale":"fr_FR","og_type":"article","og_title":"Politique de cookies - Laforet Languages","og_description":"Politique sur les cookies Un cookie est un petit fichier texte stock\u00e9 dans votre navigateur lorsque vous visitez presque n'importe quel site web. Son utilit\u00e9 r\u00e9side dans le fait que ...","og_url":"https:\/\/www.laforetlanguages.com\/fr\/politique-de-cookies\/","og_site_name":"Laforet Languages","article_publisher":"https:\/\/www.facebook.com\/laforet.languages","article_modified_time":"2026-01-22T19:10:08+00:00","twitter_card":"summary_large_image","twitter_site":"@LaforetLanguage","twitter_misc":{"Dur\u00e9e de lecture estim\u00e9e":"3 minutes"},"schema":{"@context":"https:\/\/schema.org","@graph":[{"@type":"WebPage","@id":"https:\/\/www.laforetlanguages.com\/fr\/politique-de-cookies\/","url":"https:\/\/www.laforetlanguages.com\/fr\/politique-de-cookies\/","name":"Politique de cookies - Laforet Languages","isPartOf":{"@id":"https:\/\/www.laforetlanguages.com\/fr\/#website"},"datePublished":"2026-01-22T18:09:40+00:00","dateModified":"2026-01-22T19:10:08+00:00","breadcrumb":{"@id":"https:\/\/www.laforetlanguages.com\/fr\/politique-de-cookies\/#breadcrumb"},"inLanguage":"fr-FR","potentialAction":[{"@type":"ReadAction","target":["https:\/\/www.laforetlanguages.com\/fr\/politique-de-cookies\/"]}]},{"@type":"BreadcrumbList","@id":"https:\/\/www.laforetlanguages.com\/fr\/politique-de-cookies\/#breadcrumb","itemListElement":[{"@type":"ListItem","position":1,"name":"Portada","item":"https:\/\/www.laforetlanguages.com\/fr\/"},{"@type":"ListItem","position":2,"name":"Politique de cookies"}]},{"@type":"WebSite","@id":"https:\/\/www.laforetlanguages.com\/fr\/#website","url":"https:\/\/www.laforetlanguages.com\/fr\/","name":"Laforet Languages","description":"Viajes para aprender idiomas","publisher":{"@id":"https:\/\/www.laforetlanguages.com\/fr\/#organization"},"potentialAction":[{"@type":"SearchAction","target":{"@type":"EntryPoint","urlTemplate":"https:\/\/www.laforetlanguages.com\/fr\/?s={search_term_string}"},"query-input":{"@type":"PropertyValueSpecification","valueRequired":true,"valueName":"search_term_string"}}],"inLanguage":"fr-FR"},{"@type":"Organization","@id":"https:\/\/www.laforetlanguages.com\/fr\/#organization","name":"Laforet Languages","url":"https:\/\/www.laforetlanguages.com\/fr\/","logo":{"@type":"ImageObject","inLanguage":"fr-FR","@id":"https:\/\/www.laforetlanguages.com\/fr\/#\/schema\/logo\/image\/","url":"https:\/\/www.laforetlanguages.com\/wp-content\/uploads\/2020\/01\/LAFORET-LANGUAGES-LOGO.png","contentUrl":"https:\/\/www.laforetlanguages.com\/wp-content\/uploads\/2020\/01\/LAFORET-LANGUAGES-LOGO.png","width":4782,"height":1105,"caption":"Laforet Languages"},"image":{"@id":"https:\/\/www.laforetlanguages.com\/fr\/#\/schema\/logo\/image\/"},"sameAs":["https:\/\/www.facebook.com\/laforet.languages","https:\/\/x.com\/LaforetLanguage","https:\/\/www.linkedin.com\/company\/laforet-group","https:\/\/www.youtube.com\/channel\/UCH6rHhrHFd9kpAjkolYvbzA","https:\/\/www.instagram.com\/laforet_languages\/"]}]}},"_links":{"self":[{"href":"https:\/\/www.laforetlanguages.com\/fr\/wp-json\/wp\/v2\/pages\/6579","targetHints":{"allow":["GET"]}}],"collection":[{"href":"https:\/\/www.laforetlanguages.com\/fr\/wp-json\/wp\/v2\/pages"}],"about":[{"href":"https:\/\/www.laforetlanguages.com\/fr\/wp-json\/wp\/v2\/types\/page"}],"author":[{"embeddable":true,"href":"https:\/\/www.laforetlanguages.com\/fr\/wp-json\/wp\/v2\/users\/1"}],"replies":[{"embeddable":true,"href":"https:\/\/www.laforetlanguages.com\/fr\/wp-json\/wp\/v2\/comments?post=6579"}],"version-history":[{"count":2,"href":"https:\/\/www.laforetlanguages.com\/fr\/wp-json\/wp\/v2\/pages\/6579\/revisions"}],"predecessor-version":[{"id":6585,"href":"https:\/\/www.laforetlanguages.com\/fr\/wp-json\/wp\/v2\/pages\/6579\/revisions\/6585"}],"wp:attachment":[{"href":"https:\/\/www.laforetlanguages.com\/fr\/wp-json\/wp\/v2\/media?parent=6579"}],"curies":[{"name":"wp","href":"https:\/\/api.w.org\/{rel}","templated":true}]}}